{"id":838,"date":"2022-04-04T16:33:45","date_gmt":"2022-04-04T16:33:45","guid":{"rendered":"https:\/\/kaffen-demo.bslthemes.com\/?page_id=838"},"modified":"2026-02-06T11:53:17","modified_gmt":"2026-02-06T16:53:17","slug":"home-2","status":"publish","type":"page","link":"https:\/\/pecairestaurante.com\/en\/","title":{"rendered":"Pecai Restaurante"},"content":{"rendered":"<div data-elementor-type=\"wp-page\" data-elementor-id=\"838\" class=\"elementor elementor-838\" data-elementor-post-type=\"page\">\n\t\t\t\t<div class=\"elementor-element elementor-element-95ab1b9 e-con-full e-flex e-con e-parent\" data-id=\"95ab1b9\" data-element_type=\"container\" data-e-type=\"container\" data-settings=\"{&quot;background_background&quot;:&quot;video&quot;,&quot;background_video_link&quot;:&quot;https:\\\/\\\/pecairestaurante.com\\\/wp-content\\\/uploads\\\/2026\\\/02\\\/wood-fire-oven.mp4&quot;,&quot;background_play_on_mobile&quot;:&quot;yes&quot;}\">\n\t\t<div class=\"elementor-background-video-container\">\n\t\t\t\t\t\t\t<video class=\"elementor-background-video-hosted\" role=\"presentation\" autoplay muted playsinline loop><\/video>\n\t\t\t\t\t<\/div><div class=\"elementor-element elementor-element-e32e05c e-flex e-con-boxed e-con e-child\" data-id=\"e32e05c\" data-element_type=\"container\" data-e-type=\"container\">\n\t\t\t\t\t<div class=\"e-con-inner\">\n\t\t\t\t<div class=\"elementor-element elementor-element-b611970 elementor-widget elementor-widget-image\" data-id=\"b611970\" data-element_type=\"widget\" data-e-type=\"widget\" data-widget_type=\"image.default\">\n\t\t\t\t\t\t\t\t\t\t\t\t\t\t\t<img fetchpriority=\"high\" decoding=\"async\" width=\"900\" height=\"698\" src=\"https:\/\/pecairestaurante.com\/wp-content\/uploads\/2026\/02\/pecai-logo-white.png\" class=\"attachment-large size-large wp-image-1500\" alt=\"pecai-logo-white\" srcset=\"https:\/\/pecairestaurante.com\/wp-content\/uploads\/2026\/02\/pecai-logo-white.png 1000w, https:\/\/pecairestaurante.com\/wp-content\/uploads\/2026\/02\/pecai-logo-white-300x233.png 300w, https:\/\/pecairestaurante.com\/wp-content\/uploads\/2026\/02\/pecai-logo-white-768x596.png 768w, https:\/\/pecairestaurante.com\/wp-content\/uploads\/2026\/02\/pecai-logo-white-900x698.png 900w, https:\/\/pecairestaurante.com\/wp-content\/uploads\/2026\/02\/pecai-logo-white-800x621.png 800w\" sizes=\"(max-width: 900px) 100vw, 900px\" \/>\t\t\t\t\t\t\t\t\t\t\t\t\t\t\t<\/div>\n\t\t\t\t<div class=\"elementor-element elementor-element-ce156f6 elementor-widget elementor-widget-heading\" data-id=\"ce156f6\" data-element_type=\"widget\" data-e-type=\"widget\" data-widget_type=\"heading.default\">\n\t\t\t\t\t<h2 class=\"elementor-heading-title elementor-size-default\">UN PECADO, ES LA ENTRADA AL PARA\u00cdSO<\/h2>\t\t\t\t<\/div>\n\t\t\t\t\t<\/div>\n\t\t\t\t<\/div>\n\t\t\t\t<\/div>\n\t\t<div class=\"elementor-element elementor-element-fa461c6 e-flex e-con-boxed e-con e-parent\" data-id=\"fa461c6\" data-element_type=\"container\" data-e-type=\"container\" data-settings=\"{&quot;background_background&quot;:&quot;classic&quot;}\">\n\t\t\t\t\t<div class=\"e-con-inner\">\n\t\t<div class=\"elementor-element elementor-element-d4d3daf e-con-full e-flex e-con e-child\" data-id=\"d4d3daf\" data-element_type=\"container\" data-e-type=\"container\">\n\t\t\t\t<div class=\"elementor-element elementor-element-4366f1b elementor-widget elementor-widget-heading\" data-id=\"4366f1b\" data-element_type=\"widget\" data-e-type=\"widget\" data-widget_type=\"heading.default\">\n\t\t\t\t\t<h3 class=\"elementor-heading-title elementor-size-default\">One sin is the entrance to paradise<\/h3>\t\t\t\t<\/div>\n\t\t\t\t<div class=\"elementor-element elementor-element-5ec5daa elementor-widget elementor-widget-heading\" data-id=\"5ec5daa\" data-element_type=\"widget\" data-e-type=\"widget\" data-widget_type=\"heading.default\">\n\t\t\t\t\t<h1 class=\"elementor-heading-title elementor-size-default\">PECAI RESTAURANT<br>\nBY MOVICH HOTELS<\/h1>\t\t\t\t<\/div>\n\t\t\t\t<div class=\"elementor-element elementor-element-b7489a0 elementor-widget elementor-widget-heading\" data-id=\"b7489a0\" data-element_type=\"widget\" data-e-type=\"widget\" data-widget_type=\"heading.default\">\n\t\t\t\t\t<p class=\"elementor-heading-title elementor-size-default\">Pecai is a wood-fired restaurant where tradition is reinvented. Italian, American, and Colombian flavors merge in artisanal pizzas, succulent meats, and desserts that will make you want to stay. Ideal for sharing, pet-friendly, and designed for those seeking an authentic and memorable dining experience.<\/p>\t\t\t\t<\/div>\n\t\t\t\t<div class=\"elementor-element elementor-element-bc395e2 elementor-mobile-align-center elementor-widget elementor-widget-button\" data-id=\"bc395e2\" data-element_type=\"widget\" data-e-type=\"widget\" data-widget_type=\"button.default\">\n\t\t\t\t\t\t\t\t\t\t<a class=\"elementor-button elementor-button-link elementor-size-sm\" href=\"\/en\/menu\/\">\n\t\t\t\t\t\t<span class=\"elementor-button-content-wrapper\">\n\t\t\t\t\t\t\t\t\t<span class=\"elementor-button-text\">CHECK OUT OUR MENU<\/span>\n\t\t\t\t\t<\/span>\n\t\t\t\t\t<\/a>\n\t\t\t\t\t\t\t\t<\/div>\n\t\t\t\t<\/div>\n\t\t<div class=\"elementor-element elementor-element-4f1df9e e-con-full e-flex e-con e-child\" data-id=\"4f1df9e\" data-element_type=\"container\" data-e-type=\"container\">\n\t\t<div class=\"elementor-element elementor-element-86c817f e-grid e-con-full e-con e-child\" data-id=\"86c817f\" data-element_type=\"container\" data-e-type=\"container\">\n\t\t\t\t<div class=\"elementor-element elementor-element-9ca4d32 elementor-widget elementor-widget-image\" data-id=\"9ca4d32\" data-element_type=\"widget\" data-e-type=\"widget\" data-widget_type=\"image.default\">\n\t\t\t\t\t\t\t\t\t\t\t\t\t\t\t\t<a href=\"https:\/\/pecairestaurante.com\/wp-content\/uploads\/2026\/02\/pecai-home-03.webp\" data-elementor-open-lightbox=\"yes\" data-elementor-lightbox-title=\"pecai-home-03\" data-e-action-hash=\"#elementor-action%3Aaction%3Dlightbox%26settings%3DeyJpZCI6MTU2MCwidXJsIjoiaHR0cHM6XC9cL3BlY2FpcmVzdGF1cmFudGUuY29tXC93cC1jb250ZW50XC91cGxvYWRzXC8yMDI2XC8wMlwvcGVjYWktaG9tZS0wMy53ZWJwIn0%3D\">\n\t\t\t\t\t\t\t<img decoding=\"async\" width=\"661\" height=\"814\" src=\"https:\/\/pecairestaurante.com\/wp-content\/uploads\/2026\/02\/pecai-home-03.webp\" class=\"attachment-large size-large wp-image-1560\" alt=\"\" srcset=\"https:\/\/pecairestaurante.com\/wp-content\/uploads\/2026\/02\/pecai-home-03.webp 661w, https:\/\/pecairestaurante.com\/wp-content\/uploads\/2026\/02\/pecai-home-03-244x300.webp 244w\" sizes=\"(max-width: 661px) 100vw, 661px\" \/>\t\t\t\t\t\t\t\t<\/a>\n\t\t\t\t\t\t\t\t\t\t\t\t\t\t\t<\/div>\n\t\t\t\t<div class=\"elementor-element elementor-element-d36082c elementor-widget elementor-widget-image\" data-id=\"d36082c\" data-element_type=\"widget\" data-e-type=\"widget\" data-widget_type=\"image.default\">\n\t\t\t\t\t\t\t\t\t\t\t\t\t\t\t\t<a href=\"https:\/\/pecairestaurante.com\/wp-content\/uploads\/2026\/02\/pecai-home-01.webp\" data-elementor-open-lightbox=\"yes\" data-elementor-lightbox-title=\"pecai-home-01\" data-e-action-hash=\"#elementor-action%3Aaction%3Dlightbox%26settings%3DeyJpZCI6MTU1OCwidXJsIjoiaHR0cHM6XC9cL3BlY2FpcmVzdGF1cmFudGUuY29tXC93cC1jb250ZW50XC91cGxvYWRzXC8yMDI2XC8wMlwvcGVjYWktaG9tZS0wMS53ZWJwIn0%3D\">\n\t\t\t\t\t\t\t<img decoding=\"async\" width=\"661\" height=\"814\" src=\"https:\/\/pecairestaurante.com\/wp-content\/uploads\/2026\/02\/pecai-home-01.webp\" class=\"attachment-large size-large wp-image-1558\" alt=\"\" srcset=\"https:\/\/pecairestaurante.com\/wp-content\/uploads\/2026\/02\/pecai-home-01.webp 661w, https:\/\/pecairestaurante.com\/wp-content\/uploads\/2026\/02\/pecai-home-01-244x300.webp 244w\" sizes=\"(max-width: 661px) 100vw, 661px\" \/>\t\t\t\t\t\t\t\t<\/a>\n\t\t\t\t\t\t\t\t\t\t\t\t\t\t\t<\/div>\n\t\t\t\t<div class=\"elementor-element elementor-element-0d7b8ba elementor-widget elementor-widget-image\" data-id=\"0d7b8ba\" data-element_type=\"widget\" data-e-type=\"widget\" data-widget_type=\"image.default\">\n\t\t\t\t\t\t\t\t\t\t\t\t\t\t\t\t<a href=\"https:\/\/pecairestaurante.com\/wp-content\/uploads\/2026\/02\/pecai-home-04.webp\" data-elementor-open-lightbox=\"yes\" data-elementor-lightbox-title=\"pecai-home-04\" data-e-action-hash=\"#elementor-action%3Aaction%3Dlightbox%26settings%3DeyJpZCI6MTU1NywidXJsIjoiaHR0cHM6XC9cL3BlY2FpcmVzdGF1cmFudGUuY29tXC93cC1jb250ZW50XC91cGxvYWRzXC8yMDI2XC8wMlwvcGVjYWktaG9tZS0wNC53ZWJwIn0%3D\">\n\t\t\t\t\t\t\t<img loading=\"lazy\" decoding=\"async\" width=\"661\" height=\"814\" src=\"https:\/\/pecairestaurante.com\/wp-content\/uploads\/2026\/02\/pecai-home-04.webp\" class=\"attachment-large size-large wp-image-1557\" alt=\"\" srcset=\"https:\/\/pecairestaurante.com\/wp-content\/uploads\/2026\/02\/pecai-home-04.webp 661w, https:\/\/pecairestaurante.com\/wp-content\/uploads\/2026\/02\/pecai-home-04-244x300.webp 244w\" sizes=\"(max-width: 661px) 100vw, 661px\" \/>\t\t\t\t\t\t\t\t<\/a>\n\t\t\t\t\t\t\t\t\t\t\t\t\t\t\t<\/div>\n\t\t\t\t<div class=\"elementor-element elementor-element-5d7c634 elementor-widget elementor-widget-image\" data-id=\"5d7c634\" data-element_type=\"widget\" data-e-type=\"widget\" data-widget_type=\"image.default\">\n\t\t\t\t\t\t\t\t\t\t\t\t\t\t\t\t<a href=\"https:\/\/pecairestaurante.com\/wp-content\/uploads\/2026\/02\/pecai-home-02.webp\" data-elementor-open-lightbox=\"yes\" data-elementor-lightbox-title=\"pecai-home-02\" data-e-action-hash=\"#elementor-action%3Aaction%3Dlightbox%26settings%3DeyJpZCI6MTU1OSwidXJsIjoiaHR0cHM6XC9cL3BlY2FpcmVzdGF1cmFudGUuY29tXC93cC1jb250ZW50XC91cGxvYWRzXC8yMDI2XC8wMlwvcGVjYWktaG9tZS0wMi53ZWJwIn0%3D\">\n\t\t\t\t\t\t\t<img loading=\"lazy\" decoding=\"async\" width=\"661\" height=\"814\" src=\"https:\/\/pecairestaurante.com\/wp-content\/uploads\/2026\/02\/pecai-home-02.webp\" class=\"attachment-large size-large wp-image-1559\" alt=\"\" srcset=\"https:\/\/pecairestaurante.com\/wp-content\/uploads\/2026\/02\/pecai-home-02.webp 661w, https:\/\/pecairestaurante.com\/wp-content\/uploads\/2026\/02\/pecai-home-02-244x300.webp 244w\" sizes=\"(max-width: 661px) 100vw, 661px\" \/>\t\t\t\t\t\t\t\t<\/a>\n\t\t\t\t\t\t\t\t\t\t\t\t\t\t\t<\/div>\n\t\t\t\t<\/div>\n\t\t\t\t<\/div>\n\t\t\t\t\t<\/div>\n\t\t\t\t<\/div>\n\t\t<div class=\"elementor-element elementor-element-298bbed e-con-full e-flex e-con e-parent\" data-id=\"298bbed\" data-element_type=\"container\" data-e-type=\"container\" data-settings=\"{&quot;background_background&quot;:&quot;classic&quot;}\">\n\t\t<div class=\"elementor-element elementor-element-9c34b3c e-con-full e-flex e-con e-child\" data-id=\"9c34b3c\" data-element_type=\"container\" data-e-type=\"container\">\n\t\t\t\t<div class=\"elementor-element elementor-element-24bb260 elementor-widget elementor-widget-heading\" data-id=\"24bb260\" data-element_type=\"widget\" data-e-type=\"widget\" data-widget_type=\"heading.default\">\n\t\t\t\t\t<h4 class=\"elementor-heading-title elementor-size-default\">AN UNFORGETTABLE GASTRONOMIC EXPERIENCE<\/h4>\t\t\t\t<\/div>\n\t\t\t\t<div class=\"elementor-element elementor-element-f404e92 elementor-widget elementor-widget-heading\" data-id=\"f404e92\" data-element_type=\"widget\" data-e-type=\"widget\" data-widget_type=\"heading.default\">\n\t\t\t\t\t<h4 class=\"elementor-heading-title elementor-size-default\">BOOK NOW!<\/h4>\t\t\t\t<\/div>\n\t\t\t\t<\/div>\n\t\t<div class=\"elementor-element elementor-element-87d8afb e-con-full e-flex e-con e-child\" data-id=\"87d8afb\" data-element_type=\"container\" data-e-type=\"container\">\n\t\t\t\t<div class=\"elementor-element elementor-element-5818c44 elementor-widget elementor-widget-button\" data-id=\"5818c44\" data-element_type=\"widget\" data-e-type=\"widget\" data-widget_type=\"button.default\">\n\t\t\t\t\t\t\t\t\t\t<a class=\"elementor-button elementor-button-link elementor-size-sm\" href=\"\/en\/reservas\/\">\n\t\t\t\t\t\t<span class=\"elementor-button-content-wrapper\">\n\t\t\t\t\t\t\t\t\t<span class=\"elementor-button-text\">BOOK HERE<\/span>\n\t\t\t\t\t<\/span>\n\t\t\t\t\t<\/a>\n\t\t\t\t\t\t\t\t<\/div>\n\t\t\t\t<\/div>\n\t\t\t\t<\/div>\n\t\t\t\t<\/div>","protected":false},"excerpt":{"rendered":"<p>UN PECADO, ES LA ENTRADA AL PARA\u00cdSO Un pecado es la entrada al para\u00edso PECAI RESTAURANTE BY MOVICH HOTELS Pecai es un restaurante de horno de le\u00f1a donde la tradici\u00f3n se reinventa. Sabores italianos, americanos y colombianos se fusionan en pizzas artesanales, carnes jugosas&#8230; <\/p>\n<div class=\"readmore\"><a href=\"https:\/\/pecairestaurante.com\/en\/\" class=\"kf-btn-link\"><span>Read more<\/span> <i class=\"fas fa-chevron-right\"><\/i><\/a><\/div>","protected":false},"author":1,"featured_media":0,"parent":0,"menu_order":0,"comment_status":"closed","ping_status":"closed","template":"template-layout-builder.php","meta":{"_acf_changed":false,"footnotes":""},"class_list":["post-838","page","type-page","status-publish","hentry"],"acf":[],"_links":{"self":[{"href":"https:\/\/pecairestaurante.com\/en\/wp-json\/wp\/v2\/pages\/838","targetHints":{"allow":["GET"]}}],"collection":[{"href":"https:\/\/pecairestaurante.com\/en\/wp-json\/wp\/v2\/pages"}],"about":[{"href":"https:\/\/pecairestaurante.com\/en\/wp-json\/wp\/v2\/types\/page"}],"author":[{"embeddable":true,"href":"https:\/\/pecairestaurante.com\/en\/wp-json\/wp\/v2\/users\/1"}],"replies":[{"embeddable":true,"href":"https:\/\/pecairestaurante.com\/en\/wp-json\/wp\/v2\/comments?post=838"}],"version-history":[{"count":51,"href":"https:\/\/pecairestaurante.com\/en\/wp-json\/wp\/v2\/pages\/838\/revisions"}],"predecessor-version":[{"id":2009,"href":"https:\/\/pecairestaurante.com\/en\/wp-json\/wp\/v2\/pages\/838\/revisions\/2009"}],"wp:attachment":[{"href":"https:\/\/pecairestaurante.com\/en\/wp-json\/wp\/v2\/media?parent=838"}],"curies":[{"name":"wp","href":"https:\/\/api.w.org\/{rel}","templated":true}]}}